{"id":9,"date":"2021-01-15T14:13:32","date_gmt":"2021-01-15T13:13:32","guid":{"rendered":"http:\/\/ecwebdev01\/wordpress\/?page_id=9"},"modified":"2024-06-13T10:14:57","modified_gmt":"2024-06-13T08:14:57","slug":"kontakt","status":"publish","type":"page","link":"https:\/\/www.ekuc.se\/wordpress\/index.php\/kontakt\/","title":{"rendered":"Kontakt"},"content":{"rendered":"\n<h2 class=\"wp-block-heading\">Bes\u00f6ks- och leveransadress<\/h2>\n\n\n\n<p><strong>Ekumeniska Centret Stockholm e.f.<\/strong><br>Gustavslundsv\u00e4gen 18<br>SE-167 51 Bromma<br>\u200b<br>Organisationsnummer: 769639-3813.<\/p>\n\n\n<p><iframe loading=\"lazy\" src=\"https:\/\/www.google.com\/maps\/embed?pb=!1m18!1m12!1m3!1d1017.5120086526632!2d17.982188572110417!3d59.33255284716529!2m3!1f0!2f0!3f0!3m2!1i1024!2i768!4f13.1!3m3!1m2!1s0x465f76222995d889%3A0x6a6e57e80e7d85ce!2sGustavslundsv%C3%A4gen%2018%2C%20167%2051%20Bromma!5e0!3m2!1sen!2sse!4v1612428394414!5m2!1sen!2sse\" width=\"600\" height=\"450\" frameborder=\"0\" style=\"border:0;\" allowfullscreen=\"\" aria-hidden=\"false\" tabindex=\"0\"><\/iframe><\/p>\n\n\n<h2 class=\"wp-block-heading\">\u200bPost\u200badress<\/h2>\n\n\n\n<p><strong>Ekumeniska Centret Stockholm e.f.<\/strong><br>Box 14038<br>SE-167 14 Bromma<\/p>\n\n\n\n<h2 class=\"wp-block-heading\">Serviceenheten\u200b<\/h2>\n\n\n\n<p>Du n\u00e5r Serviceenheten med f\u00f6rfr\u00e5gningar p\u00e5 e-postadress <em><strong>kontakt at ekuc.se<\/strong><\/em> eller \u200b<strong>08-586 240 0\u200b0<\/strong>\u200b. Interna medarbetare anv\u00e4nder personliga mailadresser!<\/p>\n\n\n\n<p>Om du har ett avtal eller en etablerad kontakt med Serviceenheten anv\u00e4nder du <em><a href=\"https:\/\/www.ekuc.se\/wordpress\/index.php\/logga-in\/\" data-type=\"URL\">Logga in<\/a><\/em> f\u00f6r att hitta mer detaljerad kontaktinformation! <\/p>\n","protected":false},"excerpt":{"rendered":"<p>Bes\u00f6ks- och leveransadress Ekumeniska Centret Stockholm e.f.Gustavslundsv\u00e4gen 18SE-167 51 Bromma\u200bOrganisationsnummer: 769639-3813. \u200bPost\u200badress Ekumeniska Centret Stockholm e.f.Box 14038SE-167 14 Bromma Serviceenheten\u200b Du n\u00e5r Serviceenheten med f\u00f6rfr\u00e5gningar p\u00e5 e-postadress kontakt at ekuc.se eller \u200b08-586 240 0\u200b0\u200b. Interna medarbetare anv\u00e4nder personliga mailadresser! Om du har ett avtal eller en etablerad kontakt med Serviceenheten anv\u00e4nder du Logga in f\u00f6r &hellip; <\/p>\n<p class=\"link-more\"><a href=\"https:\/\/www.ekuc.se\/wordpress\/index.php\/kontakt\/\" class=\"more-link\">Forts\u00e4tt l\u00e4sa<span class=\"screen-reader-text\"> \u201dKontakt\u201d<\/span><\/a><\/p>\n","protected":false},"author":2,"featured_media":0,"parent":0,"menu_order":0,"comment_status":"closed","ping_status":"closed","template":"","meta":{"footnotes":""},"class_list":["post-9","page","type-page","status-publish","hentry"],"_links":{"self":[{"href":"https:\/\/www.ekuc.se\/wordpress\/index.php\/wp-json\/wp\/v2\/pages\/9"}],"collection":[{"href":"https:\/\/www.ekuc.se\/wordpress\/index.php\/wp-json\/wp\/v2\/pages"}],"about":[{"href":"https:\/\/www.ekuc.se\/wordpress\/index.php\/wp-json\/wp\/v2\/types\/page"}],"author":[{"embeddable":true,"href":"https:\/\/www.ekuc.se\/wordpress\/index.php\/wp-json\/wp\/v2\/users\/2"}],"replies":[{"embeddable":true,"href":"https:\/\/www.ekuc.se\/wordpress\/index.php\/wp-json\/wp\/v2\/comments?post=9"}],"version-history":[{"count":12,"href":"https:\/\/www.ekuc.se\/wordpress\/index.php\/wp-json\/wp\/v2\/pages\/9\/revisions"}],"predecessor-version":[{"id":499,"href":"https:\/\/www.ekuc.se\/wordpress\/index.php\/wp-json\/wp\/v2\/pages\/9\/revisions\/499"}],"wp:attachment":[{"href":"https:\/\/www.ekuc.se\/wordpress\/index.php\/wp-json\/wp\/v2\/media?parent=9"}],"curies":[{"name":"wp","href":"https:\/\/api.w.org\/{rel}","templated":true}]}}