{"id":8,"date":"2021-01-15T14:13:32","date_gmt":"2021-01-15T13:13:32","guid":{"rendered":"http:\/\/ecwebdev01\/wordpress\/?page_id=8"},"modified":"2023-10-18T19:59:51","modified_gmt":"2023-10-18T17:59:51","slug":"logga-in","status":"publish","type":"page","link":"https:\/\/www.ekuc.se\/wordpress\/index.php\/logga-in\/","title":{"rendered":"Logga in"},"content":{"rendered":"Du m\u00e5ste vara inloggad f\u00f6r att visa detta inneh\u00e5ll.","protected":false},"excerpt":{"rendered":"Du m\u00e5ste vara inloggad f\u00f6r att visa detta inneh\u00e5ll.","protected":false},"author":2,"featured_media":0,"parent":0,"menu_order":0,"comment_status":"closed","ping_status":"closed","template":"","meta":{"footnotes":""},"class_list":["post-8","page","type-page","status-publish","hentry"],"_links":{"self":[{"href":"https:\/\/www.ekuc.se\/wordpress\/index.php\/wp-json\/wp\/v2\/pages\/8"}],"collection":[{"href":"https:\/\/www.ekuc.se\/wordpress\/index.php\/wp-json\/wp\/v2\/pages"}],"about":[{"href":"https:\/\/www.ekuc.se\/wordpress\/index.php\/wp-json\/wp\/v2\/types\/page"}],"author":[{"embeddable":true,"href":"https:\/\/www.ekuc.se\/wordpress\/index.php\/wp-json\/wp\/v2\/users\/2"}],"replies":[{"embeddable":true,"href":"https:\/\/www.ekuc.se\/wordpress\/index.php\/wp-json\/wp\/v2\/comments?post=8"}],"version-history":[{"count":27,"href":"https:\/\/www.ekuc.se\/wordpress\/index.php\/wp-json\/wp\/v2\/pages\/8\/revisions"}],"predecessor-version":[{"id":468,"href":"https:\/\/www.ekuc.se\/wordpress\/index.php\/wp-json\/wp\/v2\/pages\/8\/revisions\/468"}],"wp:attachment":[{"href":"https:\/\/www.ekuc.se\/wordpress\/index.php\/wp-json\/wp\/v2\/media?parent=8"}],"curies":[{"name":"wp","href":"https:\/\/api.w.org\/{rel}","templated":true}]}}