{"id":7,"date":"2021-01-15T14:13:32","date_gmt":"2021-01-15T13:13:32","guid":{"rendered":"http:\/\/ecwebdev01\/wordpress\/?page_id=7"},"modified":"2025-05-12T08:59:09","modified_gmt":"2025-05-12T06:59:09","slug":"vara-tjanster","status":"publish","type":"page","link":"https:\/\/www.ekuc.se\/wordpress\/index.php\/vara-tjanster\/","title":{"rendered":"V\u00e5ra tj\u00e4nster"},"content":{"rendered":"\n<p><strong>Ekumeniska Centret erbjuder fr\u00e4mst tj\u00e4nster till de organisationer som sitter p\u00e5 centret, men vissa tj\u00e4nster \u00e4r \u00e4ven tillg\u00e4ngliga f\u00f6r andra &#8211; fr\u00e4mst f\u00f6r organisationer i ideell sektor.<\/strong> <strong>Det g\u00e5r att hyra en flexarbetsplats f\u00f6r en medarbetare, ett konferensrum f\u00f6r ert m\u00f6te samt vissa IT-tj\u00e4nster.<\/strong><\/p>\n\n\n\n<h2 class=\"wp-block-heading\">Flexarbetsplats<\/h2>\n\n\n\n<figure class=\"wp-block-gallery has-nested-images columns-default is-cropped wp-block-gallery-1 is-layout-flex wp-block-gallery-is-layout-flex\">\n<figure class=\"wp-block-image size-full is-style-default\"><img loading=\"lazy\" decoding=\"async\" width=\"400\" height=\"267\" data-id=\"37\" src=\"https:\/\/www.ekuc.se\/wordpress\/wp-content\/uploads\/2021\/01\/konferens.jpg\" alt=\"\" class=\"wp-image-37\" title=\"Kontorsplats\" srcset=\"https:\/\/www.ekuc.se\/wordpress\/wp-content\/uploads\/2021\/01\/konferens.jpg 400w, https:\/\/www.ekuc.se\/wordpress\/wp-content\/uploads\/2021\/01\/konferens-300x200.jpg 300w\" sizes=\"(max-width: 400px) 100vw, 400px\" \/><\/figure>\n<\/figure>\n\n\n\n<p>Om du har en relation till n\u00e5gon av centrets organisationer kan du hyra en flexarbetsplats, allts\u00e5 ett f\u00f6r dagen ledigt skrivbord, eller ett rum f\u00f6r din organisation till en f\u00f6rdelaktig kostnad. Avtal med olika l\u00e4ngd kan hanteras efter behov. Tj\u00e4nster inkluderar hantering av  post och paket, kopiering, telefonv\u00e4xel, reception, vaktm\u00e4steri, m\u00f6tesrum, kaffe\/the med mera. <\/p>\n\n\n\n<div data-wp-interactive=\"core\/file\" class=\"wp-block-file\"><object data-wp-bind--hidden=\"!state.hasPdfPreview\"  class=\"wp-block-file__embed\" data=\"https:\/\/www.ekuc.se\/wordpress\/wp-content\/uploads\/2025\/05\/Ekumeniska-Centret-Flexarbetsplats.pdf\" type=\"application\/pdf\" style=\"width:100%;height:600px\" aria-label=\"Inb\u00e4ddning av Ekumeniska Centret Flexarbetsplats.\"><\/object><a id=\"wp-block-file--media-f86c8489-db37-440f-918c-bf0eec335aae\" href=\"https:\/\/www.ekuc.se\/wordpress\/wp-content\/uploads\/2025\/05\/Ekumeniska-Centret-Flexarbetsplats.pdf\">Ekumeniska Centret Flexarbetsplats<\/a><a href=\"https:\/\/www.ekuc.se\/wordpress\/wp-content\/uploads\/2025\/05\/Ekumeniska-Centret-Flexarbetsplats.pdf\" class=\"wp-block-file__button wp-element-button\" download aria-describedby=\"wp-block-file--media-f86c8489-db37-440f-918c-bf0eec335aae\">Ladda ner<\/a><\/div>\n\n\n\n<p><strong>F\u00f6r kontorsfr\u00e5gor<\/strong>, s\u00f6k oss via e-postadress <em><strong>kontakt at ekuc.se<\/strong> <\/em>eller \u200bvia 08-586 240 0\u200b0.<\/p>\n\n\n\n<h2 class=\"wp-block-heading\">Konferensrum<\/h2>\n\n\n\n<figure class=\"wp-block-gallery has-nested-images columns-default is-cropped wp-block-gallery-2 is-layout-flex wp-block-gallery-is-layout-flex\">\n<figure class=\"wp-block-image size-large\"><img loading=\"lazy\" decoding=\"async\" width=\"600\" height=\"400\" data-id=\"35\" src=\"https:\/\/www.ekuc.se\/wordpress\/wp-content\/uploads\/2021\/01\/recen.jpg\" alt=\"\" class=\"wp-image-35\" srcset=\"https:\/\/www.ekuc.se\/wordpress\/wp-content\/uploads\/2021\/01\/recen.jpg 600w, https:\/\/www.ekuc.se\/wordpress\/wp-content\/uploads\/2021\/01\/recen-300x200.jpg 300w\" sizes=\"(max-width: 600px) 100vw, 600px\" \/><figcaption class=\"wp-element-caption\">recen.jpg<\/figcaption><\/figure>\n<\/figure>\n\n\n\n<p>Om du har en relation till centrets organisationer kan du hyra ett konferensrum per timme eller dag. Det finns ett antal olika stora m\u00f6tesrum. St\u00f6d med konferenshantering kan erbjudas.<\/p>\n\n\n\n<div data-wp-interactive=\"core\/file\" class=\"wp-block-file\"><object data-wp-bind--hidden=\"!state.hasPdfPreview\"  class=\"wp-block-file__embed\" data=\"https:\/\/www.ekuc.se\/wordpress\/wp-content\/uploads\/2025\/05\/Ekumeniska_Centret_Konferens.pdf\" type=\"application\/pdf\" style=\"width:100%;height:600px\" aria-label=\"Inb\u00e4ddning av Ekumeniska_Centret_Konferens.\"><\/object><a id=\"wp-block-file--media-99ab8757-b086-4039-9cee-c84a8350a800\" href=\"https:\/\/www.ekuc.se\/wordpress\/wp-content\/uploads\/2025\/05\/Ekumeniska_Centret_Konferens.pdf\">Ekumeniska_Centret_Konferens<\/a><a href=\"https:\/\/www.ekuc.se\/wordpress\/wp-content\/uploads\/2025\/05\/Ekumeniska_Centret_Konferens.pdf\" class=\"wp-block-file__button wp-element-button\" download aria-describedby=\"wp-block-file--media-99ab8757-b086-4039-9cee-c84a8350a800\">Ladda ner<\/a><\/div>\n\n\n\n<p><strong>F\u00f6r m\u00f6tes- och konferensfr\u00e5gor<\/strong>, s\u00f6k oss via <em><em><strong>kontakt at ekuc.se<\/strong><\/em><\/em> eller \u200bvia 08-586 240 0\u200b0.<\/p>\n\n\n\n<h2 class=\"wp-block-heading\">IT-tj\u00e4nster<\/h2>\n\n\n\n<figure class=\"wp-block-image size-full\"><img loading=\"lazy\" decoding=\"async\" width=\"400\" height=\"267\" src=\"http:\/\/ecwebdev01\/wordpress\/wp-content\/uploads\/2021\/01\/kontor-1.jpg\" alt=\"\" class=\"wp-image-38\" title=\"IT-tj\u00e4nster\" srcset=\"https:\/\/www.ekuc.se\/wordpress\/wp-content\/uploads\/2021\/01\/kontor-1.jpg 400w, https:\/\/www.ekuc.se\/wordpress\/wp-content\/uploads\/2021\/01\/kontor-1-300x200.jpg 300w\" sizes=\"(max-width: 400px) 100vw, 400px\" \/><\/figure>\n\n\n\n<p>Centrets organisationer kan teckna avtal om IT-st\u00f6d \u00e4ven utanf\u00f6r Ekumeniska Centret. F\u00f6r hantering av s\u00e5dana tj\u00e4nster v\u00e4ljer du sidan <em><a href=\"\/wordpress\/index.php\/logga-in\/\" data-type=\"URL\" data-id=\"\/wordpress\/index.php\/logga-in\/\">Logga in<\/a><\/em>, vilket ger tillg\u00e5ng till b\u00e5de kontaktinformation och st\u00f6ddokument.<\/p>\n\n\n\n<p>Avtal kring IT-tj\u00e4nster hanteras av respektive organisation p\u00e5 centret. <strong>Kontakta allts\u00e5 din <a href=\"\/wordpress\/index.php\/organisationerna\/\" data-type=\"URL\" data-id=\"\/wordpress\/index.php\/organisationerna\/\">organisation p\u00e5 centret<\/a><\/strong> om du har behov p\u00e5 IT-omr\u00e5det.<\/p>\n","protected":false},"excerpt":{"rendered":"<p>Ekumeniska Centret erbjuder fr\u00e4mst tj\u00e4nster till de organisationer som sitter p\u00e5 centret, men vissa tj\u00e4nster \u00e4r \u00e4ven tillg\u00e4ngliga f\u00f6r andra &#8211; fr\u00e4mst f\u00f6r organisationer i ideell sektor. Det g\u00e5r att hyra en flexarbetsplats f\u00f6r en medarbetare, ett konferensrum f\u00f6r ert m\u00f6te samt vissa IT-tj\u00e4nster. Flexarbetsplats Om du har en relation till n\u00e5gon av centrets organisationer &hellip; <\/p>\n<p class=\"link-more\"><a href=\"https:\/\/www.ekuc.se\/wordpress\/index.php\/vara-tjanster\/\" class=\"more-link\">Forts\u00e4tt l\u00e4sa<span class=\"screen-reader-text\"> \u201dV\u00e5ra tj\u00e4nster\u201d<\/span><\/a><\/p>\n","protected":false},"author":2,"featured_media":0,"parent":0,"menu_order":0,"comment_status":"closed","ping_status":"closed","template":"","meta":{"footnotes":""},"class_list":["post-7","page","type-page","status-publish","hentry"],"_links":{"self":[{"href":"https:\/\/www.ekuc.se\/wordpress\/index.php\/wp-json\/wp\/v2\/pages\/7"}],"collection":[{"href":"https:\/\/www.ekuc.se\/wordpress\/index.php\/wp-json\/wp\/v2\/pages"}],"about":[{"href":"https:\/\/www.ekuc.se\/wordpress\/index.php\/wp-json\/wp\/v2\/types\/page"}],"author":[{"embeddable":true,"href":"https:\/\/www.ekuc.se\/wordpress\/index.php\/wp-json\/wp\/v2\/users\/2"}],"replies":[{"embeddable":true,"href":"https:\/\/www.ekuc.se\/wordpress\/index.php\/wp-json\/wp\/v2\/comments?post=7"}],"version-history":[{"count":21,"href":"https:\/\/www.ekuc.se\/wordpress\/index.php\/wp-json\/wp\/v2\/pages\/7\/revisions"}],"predecessor-version":[{"id":557,"href":"https:\/\/www.ekuc.se\/wordpress\/index.php\/wp-json\/wp\/v2\/pages\/7\/revisions\/557"}],"wp:attachment":[{"href":"https:\/\/www.ekuc.se\/wordpress\/index.php\/wp-json\/wp\/v2\/media?parent=7"}],"curies":[{"name":"wp","href":"https:\/\/api.w.org\/{rel}","templated":true}]}}