{"id":24,"date":"2021-01-19T13:53:10","date_gmt":"2021-01-19T12:53:10","guid":{"rendered":"http:\/\/ecwebdev01\/wordpress\/?page_id=24"},"modified":"2026-01-29T10:08:49","modified_gmt":"2026-01-29T09:08:49","slug":"organisationerna","status":"publish","type":"page","link":"https:\/\/www.ekuc.se\/wordpress\/index.php\/organisationerna\/","title":{"rendered":"Vilka vi \u00e4r"},"content":{"rendered":"\n<p>Ekumeniska Centret \u00e4r en ekonomisk f\u00f6rening med syfte att driva en samarbetsinriktad arbetsplats f\u00f6r dess medlemmar. Ekumeniska Centret etablerades 1993 genom samlokalisering av organisationer p\u00e5 kristen grund, men ocks\u00e5 en statlig myndighet. I samband med flytt till nya lokaler 2011 bildades f\u00f6reningen Ekumeniska Centret.<\/p>\n\n\n\n<p>Ekumeniska Centret finns till f\u00f6r att underl\u00e4tta ett brett ekumeniskt samarbete, och skapa f\u00f6ruts\u00e4ttningar f\u00f6r att fr\u00e4mst trosbaserade organisationer sammanf\u00f6rs och utvecklas. F\u00f6reningen engagerar sig inte i partipolitiska fr\u00e5gor och har inte ett vinstdrivande syfte.<\/p>\n\n\n\n<figure class=\"wp-block-image size-large is-resized\"><img loading=\"lazy\" decoding=\"async\" width=\"497\" height=\"301\" src=\"http:\/\/ecwebdev01\/wordpress\/wp-content\/uploads\/2021\/02\/EC_logo-1.png\" alt=\"\" class=\"wp-image-80\" style=\"width:180px;height:109px\" srcset=\"https:\/\/www.ekuc.se\/wordpress\/wp-content\/uploads\/2021\/02\/EC_logo-1.png 497w, https:\/\/www.ekuc.se\/wordpress\/wp-content\/uploads\/2021\/02\/EC_logo-1-300x182.png 300w\" sizes=\"(max-width: 497px) 100vw, 497px\" \/><\/figure>\n\n\n\n<p>Organisationerna som sitter p\u00e5 centret presenteras i bokstavsordning;<\/p>\n\n\n\n<p><\/p>\n\n\n\n<h3 class=\"wp-block-heading\"><a rel=\"noreferrer noopener\" href=\"http:\/\/www.equmenia.se\/\" target=\"_blank\">Equmenia<\/a><\/h3>\n\n\n\n<p>St\u00e5r f\u00f6r all verksamhet f\u00f6r barn och unga inom Equmeniakyrkan. Sveriges st\u00f6rsta kristna barn och ungdomsorganisation, d\u00e4r scoutverksamheten st\u00e5r f\u00f6r en betydande del.<br><a href=\"http:\/\/www.equmenia.se\/\" target=\"_blank\" rel=\"noreferrer noopener\">http:\/\/www.equmenia.se\/<\/a><\/p>\n\n\n\n<p><\/p>\n\n\n\n<h3 class=\"wp-block-heading\"><a href=\"http:\/\/equmeniakyrkan.se\/\" target=\"_blank\" rel=\"noreferrer noopener\">Equmeniakyrkan<\/a><\/h3>\n\n\n\n<p><\/p>\n\n\n\n<p>Trossamfund bildat av Baptistsamfundet, Missionskyrkan och Metodistkyrkan 2011.<br><a href=\"http:\/\/equmeniakyrkan.se\/\" target=\"_blank\" rel=\"noreferrer noopener\">http:\/\/equmeniakyrkan.se\/<\/a><\/p>\n\n\n<h3 class=\"wp-block-heading\"><a href=\"http:\/\/www.eqkvinna.se\/\" target=\"_blank\" rel=\"noreferrer noopener\" data-type=\"URL\" data-id=\"http:\/\/www.eqkvinna.se\/\">EQ kvinna<\/a><\/h3>\n\n\n<p>Kvinnor\u00f6relse kopplad till Equmeniakyrkan. Jobbar f\u00f6r och med kvinnor i Sverige och i andra l\u00e4nder, som exempelvis med att ordna l\u00e4ger f\u00f6r ensamst\u00e5ende mammor och barn.<br><a href=\"http:\/\/www.kristenochkvinna.se\/\" target=\"_blank\" rel=\"noreferrer noopener\">http:\/\/www.eqkvinna.se\/<\/a><\/p>\n\n\n<h3 class=\"wp-block-heading\"><a href=\"http:\/\/www.helamanniskan.se\/\" target=\"_blank\" rel=\"noreferrer noopener\" data-type=\"URL\" data-id=\"http:\/\/www.helamanniskan.se\/\">Hela m\u00e4nniskan<\/a><\/h3>\n\n\n<p>Hela m\u00e4nniskan vill skapa intresse och f\u00f6ruts\u00e4ttningar f\u00f6r ett socialt arbete f\u00f6r m\u00e4nniskor i utsatta livssituationer.<br><a href=\"http:\/\/www.helamanniskan.se\/\" target=\"_blank\" rel=\"noreferrer noopener\">http:\/\/www.helamanniskan.se\/<\/a><\/p>\n\n\n<h3 class=\"wp-block-heading\"><a href=\"http:\/\/www.katolskakyrkan.se\/katolska-kyrkan-i-sverige\/ekumenik\" target=\"_blank\" rel=\"noreferrer noopener\">Katolska ekumeniska n\u00e4mnden<\/a><\/h3>\n\n\n<p>Ansvarar f\u00f6r katolska kyrkans relationer till andra kristna samfund och kyrkor i Sverige.<br><a href=\"http:\/\/www.katolskakyrkan.se\/katolska-kyrkan-i-sverige\/ekumenik\" target=\"_blank\" rel=\"noreferrer noopener\">http:\/\/www.katolskakyrkan.se\/katolska-kyrkan-i-sverige\/ekumenik<\/a><\/p>\n\n\n<h3 class=\"wp-block-heading\"><a href=\"http:\/\/krf.se\/\" target=\"_blank\" rel=\"noreferrer noopener\">Kristna fredsr\u00f6relsen<\/a><\/h3>\n\n\n<p>Folkr\u00f6relse som vill verka f\u00f6r en v\u00e4rld fri fr\u00e5n v\u00e5ld \u2013 allm\u00e4n nedrustning, skydd av m\u00e4nniskor\u00e4ttsf\u00f6rsvarare och utbildningar i ickev\u00e5ld. Arbetar internationellt med st\u00f6d till ickev\u00e5ldsr\u00f6relser och m\u00e4nniskor\u00e4ttsf\u00f6rsvarare.<br><a href=\"http:\/\/krf.se\/\" target=\"_blank\" rel=\"noreferrer noopener\">http:\/\/krf.se\/<\/a><\/p>\n\n\n<h3 class=\"wp-block-heading\"><a href=\"http:\/\/syskonbandet.se\/\" target=\"_blank\" rel=\"noreferrer noopener\">Kristna synskadades f\u00f6rening Syskonbandet<\/a><\/h3>\n<p>En ekumenisk f\u00f6rening av personer med synneds\u00e4ttning, som funnits sedan 1908. Verksamhet som tex l\u00e4ger f\u00f6rl\u00e4ggs p\u00e5 olika h\u00e5ll i landet och \u00e4ven i andra l\u00e4nder.\u00a0<br \/><a href=\"http:\/\/syskonbandet.se\/\" target=\"_blank\" rel=\"noreferrer noopener\">http:\/\/syskonbandet.se\/<\/a><\/p>\n\n<h3 class=\"wp-block-heading\"><a href=\"http:\/\/ljusioster.se\/\" target=\"_blank\" rel=\"noreferrer noopener\">Ljus i \u00f6ster<\/a><\/h3>\n\n\n<p>V\u00e5r m\u00e5ls\u00e4ttning \u00e4r att sprida evangeliet till on\u00e5dda folk och farliga platser, tills Jesu k\u00e4rlek n\u00e5tt alla folk. Ljus i \u00d6ster \u00e4r en allkristen missionsorganisation som grundades 1903. Vi arbetar genom nationella medarbetare och lokala partnerorganisationer f\u00f6r att n\u00e5 ut till de minst n\u00e5dda och mest utsatta, till dem som \u00e4nnu inte h\u00f6rt de glada nyheterna om Jesus. Vi arbetar framf\u00f6r allt i forna Sovjetunionen, Turkiet, Kina och Mongoliet. I v\u00e5rt m\u00e5lomr\u00e5de \u00e4r m\u00e5nga f\u00f6rf\u00f6ljda, och en del av v\u00e5rt arbete \u00e4r att fr\u00e4mja religionsfrihet.<br><a href=\"http:\/\/ljusioster.se\/\" target=\"_blank\" rel=\"noreferrer noopener\">http:\/\/ljusioster.se\/<\/a><\/p>\n\n\n<h3 class=\"wp-block-heading\"><a href=\"https:\/\/www.myndighetensst.se\/\">Myndigheten f\u00f6r st\u00f6d till trossamfund (SST)<\/a><\/h3>\n\n\n<p>Statlig myndighet som f\u00f6rdelar statens ekonomiska bidrag till trossamfund verksamma i Sverige, inte bara kristna.<br><a href=\"https:\/\/www.myndighetensst.se\/\">http:\/\/myndighetensst.se<\/a><\/p>\n\n\n<h3 class=\"wp-block-heading\"><a href=\"https:\/\/myright.se\/\" target=\"_blank\" rel=\"noopener\">MyRight<\/a><\/h3>\n\n\n<p>MyRight \u00e4r den svenska funktionsr\u00e4ttsr\u00f6relsens organisation f\u00f6r internationellt utvecklingssamarbete och bist\u00e5nd.&nbsp;F\u00f6reningen MyRights \u00e4ndam\u00e5l \u00e4r att:<br>\u2013 st\u00f6dja medlemsorganisationernas utvecklingssamarbete<br>\u2013 att f\u00f6rb\u00e4ttra m\u00f6jligheterna f\u00f6r personer med funktionsneds\u00e4ttning att bilda och utveckla egna organisationer<br>\u2013 att genom opinionsbildnings- och p\u00e5verkansarbete<br>delge nationella och internationella organ sina erfarenheter och kunskaper<\/p>\n\n\n<h3 class=\"wp-block-heading\"><a href=\"https:\/\/rpg.org.se\/\" data-type=\"link\" data-id=\"https:\/\/rpg.org.se\/\">Riksf\u00f6rbundet Pension\u00e4rsgemenskap\/RPG<\/a><\/h3>\n\n\n<p>RPG \u00e4r en ideell och partipolitiskt obunden pension\u00e4rsorganisation.&nbsp;Med kristna v\u00e4rderingar som grund arbetar vi f\u00f6r en trygg framtid som \u00e4ldre och som anh\u00f6rig.&nbsp;RPG \u00e4r \u00f6ppen f\u00f6r alla oavsett religion, k\u00f6n, \u00e5lder, sexuell l\u00e4ggning eller h\u00e4rkomst. Verksamheten syftar till berikande aktiviteter, f\u00f6rmedling av samh\u00e4llsinformation samt opinionsbildning i viktiga fr\u00e5gor f\u00f6r \u00e4ldre i Sverige.&nbsp;<br><a href=\"https:\/\/rpg.org.se\/\" target=\"_blank\" rel=\"noreferrer noopener\">http:\/\/www.rpg.org.se\/<\/a><\/p>\n\n\n\n<h3 class=\"wp-block-heading\"><a href=\"http:\/\/bilda.nu\" data-type=\"link\" data-id=\"bilda.nu\">Studief\u00f6rbundet Bilda<\/a><\/h3>\n\n\n\n<p>Bilda erbjuder folkbildning genom studiecirklar, kurser och kulturprogram d\u00e4r m\u00e4nniskor med olika bakgrund kan m\u00f6tas och utvecklas tillsammans. Det \u00e4r en ideell organisation med kristen livs\u00e5sk\u00e5dning i grunden och verksamhet \u00f6ppen f\u00f6r alla, oavsett bakgrund eller utbildning.<br><a href=\"http:\/\/www.bilda.nu\">http:\/\/www.bilda.nu<\/a><\/p>\n\n\n<h3 class=\"wp-block-heading\"><a href=\"http:\/\/svekumeniskakvinnor.se\/\" target=\"_blank\" rel=\"noreferrer noopener\">Sveriges ekumeniska kvinnor\u00e5d<\/a><\/h3>\n\n\n<p>Forum f\u00f6r kristna kvinnor i Sverige som bland annat vill verka f\u00f6r j\u00e4mst\u00e4lldhet, hj\u00e4lpa kvinnor att bruka sina g\u00e5vor och skapa m\u00f6tesplatser \u00f6ver samfundsgr\u00e4nserna.<br><a href=\"http:\/\/svekumeniskakvinnor.se\/\" target=\"_blank\" rel=\"noreferrer noopener\">http:\/\/<\/a><a href=\"http:\/\/svekumeniskakvinnor.se\/\">www.svekumeniskakvinnor.s<\/a><a href=\"http:\/\/svekumeniskakvinnor.se\/\" target=\"_blank\" rel=\"noreferrer noopener\">e\/<\/a><\/p>\n\n\n<h3 class=\"wp-block-heading\"><a href=\"https:\/\/www.smc.global\/\" target=\"_blank\" rel=\"noreferrer noopener\">Svenska missionsr\u00e5det<\/a><\/h3>\n\n\n<p>M\u00f6tesplats f\u00f6r kyrkor och kristna organisationer. Arbetar f\u00f6r att ge m\u00f6jligheter f\u00f6r m\u00e4nniskor och samh\u00e4llen att f\u00f6r\u00e4ndras.<br><a href=\"https:\/\/www.smc.global\/\" target=\"_blank\" rel=\"noreferrer noopener\">http:\/\/www.missioncouncil.se\/<\/a><\/p>\n\n\n<h3 class=\"wp-block-heading\"><a href=\"http:\/\/www.skr.org\/\" target=\"_blank\" rel=\"noreferrer noopener\">Sveriges kristna r\u00e5d<\/a><\/h3>\n\n\n<p>Kyrkorna tillsammans i tro och handling. Alla kyrkor har sin egen identitet och egna prioriteringar. Men tron kan ocks\u00e5 f\u00f6rena och utmana. D\u00e4rf\u00f6r finns Sveriges kristna r\u00e5d. Inom v\u00e5ra 26 medlemskyrkor ryms de olika kristna traditionerna i v\u00e5rt land.<br><a href=\"http:\/\/www.skr.org\/\" target=\"_blank\" rel=\"noreferrer noopener\">http:\/\/www.skr.org\/<\/a><br><\/p>\n\n\n\n<p class=\"has-medium-font-size\"><br><a href=\"http:\/\/www.pingst.se\/\" target=\"_blank\" rel=\"noreferrer noopener\">Trossamfundet Pingst fria f\u00f6rsamlingar i samverkan<\/a><\/p>\n\n\n\n<p>Trossamfundet Pingst fria f\u00f6rsamlingar i samverkan \u00e4r namnet b\u00e5de p\u00e5 de svenska pingstf\u00f6rsamlingarnas riksorganisation och samfund. I trossamfundet drivs det gemensamma arbetet och det ger den lokala f\u00f6rsamlingen status som kyrka i det svenska samh\u00e4llet. Syftet med organisationen \u00e4r att p\u00e5 olika s\u00e4tt st\u00f6dja och hj\u00e4lpa f\u00f6rsamlingarna i deras arbete. Verksamheten \u00e4r organiserad i underavdelningarna F\u00f6rsamling, PMU, Media, Socialt, Tillv\u00e4xt, Ung, Utbildning och F\u00f6rvaltning.<br><a href=\"http:\/\/www.pingst.se\/\" target=\"_blank\" rel=\"noreferrer noopener\">http:\/\/www.pingst.se\/<\/a><\/p>\n","protected":false},"excerpt":{"rendered":"<p>Ekumeniska Centret \u00e4r en ekonomisk f\u00f6rening med syfte att driva en samarbetsinriktad arbetsplats f\u00f6r dess medlemmar. Ekumeniska Centret etablerades 1993 genom samlokalisering av organisationer p\u00e5 kristen grund, men ocks\u00e5 en statlig myndighet. I samband med flytt till nya lokaler 2011 bildades f\u00f6reningen Ekumeniska Centret. Ekumeniska Centret finns till f\u00f6r att underl\u00e4tta ett brett ekumeniskt samarbete, &hellip; <\/p>\n<p class=\"link-more\"><a href=\"https:\/\/www.ekuc.se\/wordpress\/index.php\/organisationerna\/\" class=\"more-link\">Forts\u00e4tt l\u00e4sa<span class=\"screen-reader-text\"> \u201dVilka vi \u00e4r\u201d<\/span><\/a><\/p>\n","protected":false},"author":2,"featured_media":0,"parent":0,"menu_order":0,"comment_status":"closed","ping_status":"closed","template":"","meta":{"footnotes":""},"class_list":["post-24","page","type-page","status-publish","hentry"],"_links":{"self":[{"href":"https:\/\/www.ekuc.se\/wordpress\/index.php\/wp-json\/wp\/v2\/pages\/24"}],"collection":[{"href":"https:\/\/www.ekuc.se\/wordpress\/index.php\/wp-json\/wp\/v2\/pages"}],"about":[{"href":"https:\/\/www.ekuc.se\/wordpress\/index.php\/wp-json\/wp\/v2\/types\/page"}],"author":[{"embeddable":true,"href":"https:\/\/www.ekuc.se\/wordpress\/index.php\/wp-json\/wp\/v2\/users\/2"}],"replies":[{"embeddable":true,"href":"https:\/\/www.ekuc.se\/wordpress\/index.php\/wp-json\/wp\/v2\/comments?post=24"}],"version-history":[{"count":30,"href":"https:\/\/www.ekuc.se\/wordpress\/index.php\/wp-json\/wp\/v2\/pages\/24\/revisions"}],"predecessor-version":[{"id":567,"href":"https:\/\/www.ekuc.se\/wordpress\/index.php\/wp-json\/wp\/v2\/pages\/24\/revisions\/567"}],"wp:attachment":[{"href":"https:\/\/www.ekuc.se\/wordpress\/index.php\/wp-json\/wp\/v2\/media?parent=24"}],"curies":[{"name":"wp","href":"https:\/\/api.w.org\/{rel}","templated":true}]}}